{"id":409,"date":"2024-07-30T11:08:30","date_gmt":"2024-07-30T09:08:30","guid":{"rendered":"https:\/\/www.pamgolding.mu\/blog?page_id=409"},"modified":"2024-09-12T17:31:49","modified_gmt":"2024-09-12T15:31:49","slug":"vivre-a-maurice","status":"publish","type":"page","link":"https:\/\/www.pamgolding.mu\/blog\/fr\/vivre-a-maurice","title":{"rendered":"Vivre \u00e0 Maurice"},"content":{"rendered":"\t\t<div data-elementor-type=\"wp-page\" data-elementor-id=\"409\" class=\"elementor elementor-409\" data-elementor-post-type=\"page\">\n\t\t\t\t<div class=\"elementor-element elementor-element-c042a5f e-flex e-con-boxed e-con e-parent\" data-id=\"c042a5f\" data-element_type=\"container\" data-e-type=\"container\">\n\t\t\t\t\t<div class=\"e-con-inner\">\n\t\t<div class=\"elementor-element elementor-element-cffd22b e-con-full e-flex e-con e-child\" data-id=\"cffd22b\" data-element_type=\"container\" data-e-type=\"container\">\n\t\t\t\t<div class=\"elementor-element elementor-element-0bab7ed elementor-widget elementor-widget-heading\" data-id=\"0bab7ed\" data-element_type=\"widget\" data-e-type=\"widget\" data-widget_type=\"heading.default\">\n\t\t\t\t<div class=\"elementor-widget-container\">\n\t\t\t\t\t<h1 class=\"elementor-heading-title elementor-size-default\">La vie \u00e0 l'\u00eele Maurice<\/h1>\t\t\t\t<\/div>\n\t\t\t\t<\/div>\n\t\t\t\t<div class=\"elementor-element elementor-element-0a3b457 elementor-widget elementor-widget-text-editor\" data-id=\"0a3b457\" data-element_type=\"widget\" data-e-type=\"widget\" data-widget_type=\"text-editor.default\">\n\t\t\t\t<div class=\"elementor-widget-container\">\n\t\t\t\t\t\t\t\t\t<p>L&rsquo;\u00cele Maurice, situ\u00e9e au c\u0153ur de l&rsquo;oc\u00e9an Indien, est une destination de r\u00eave qui s\u00e9duit par sa beaut\u00e9 naturelle, sa culture riche et sa qualit\u00e9 de vie exceptionnelle. Avec ses plages de sable blanc, ses eaux cristallines et ses montagnes verdoyantes, l&rsquo;\u00eele offre un cadre de vie idyllique. Mais au-del\u00e0 de ses paysages enchanteurs, l&rsquo;\u00cele Maurice est \u00e9galement reconnue pour sa stabilit\u00e9 politique, son \u00e9conomie dynamique et ses infrastructures modernes, en faisant un choix de premier plan pour ceux qui cherchent \u00e0 vivre ou \u00e0 investir dans un environnement paradisiaque.<\/p><p>Nous vous vous pr\u00e9sentons les divers aspects de la vie sur l&rsquo;\u00eele, vous fournissant les informations essentielles pour comprendre pourquoi tant de personnes choisissent l&rsquo;\u00cele Maurice comme leur nouveau foyer<\/p>\t\t\t\t\t\t\t\t<\/div>\n\t\t\t\t<\/div>\n\t\t\t\t<\/div>\n\t\t<div class=\"elementor-element elementor-element-f538cdf e-con-full e-flex e-con e-child\" data-id=\"f538cdf\" data-element_type=\"container\" data-e-type=\"container\" data-settings=\"{&quot;background_background&quot;:&quot;slideshow&quot;,&quot;background_slideshow_gallery&quot;:[{&quot;id&quot;:256,&quot;url&quot;:&quot;https:\\\/\\\/www.pamgolding.mu\\\/blog\\\/wp-content\\\/uploads\\\/1_investissement-immobilier.jpg&quot;}],&quot;background_slideshow_loop&quot;:&quot;yes&quot;,&quot;background_slideshow_slide_duration&quot;:5000,&quot;background_slideshow_slide_transition&quot;:&quot;fade&quot;,&quot;background_slideshow_transition_duration&quot;:500}\">\n\t\t\t\t<\/div>\n\t\t\t\t\t<\/div>\n\t\t\t\t<\/div>\n\t\t<div class=\"elementor-element elementor-element-ecbbf77 e-grid e-con-full e-con e-parent\" data-id=\"ecbbf77\" data-element_type=\"container\" data-e-type=\"container\" data-settings=\"{&quot;background_background&quot;:&quot;classic&quot;}\">\n\t\t\t\t<div class=\"elementor-element elementor-element-08dadf2 elementor-align-center elementor-widget elementor-widget-button\" data-id=\"08dadf2\" data-element_type=\"widget\" data-e-type=\"widget\" data-widget_type=\"button.default\">\n\t\t\t\t<div class=\"elementor-widget-container\">\n\t\t\t\t\t\t\t\t\t<div class=\"elementor-button-wrapper\">\n\t\t\t\t\t<a class=\"elementor-button elementor-button-link elementor-size-sm\" href=\"https:\/\/www.pamgolding.mu\/fr\/contact.html\">\n\t\t\t\t\t\t<span class=\"elementor-button-content-wrapper\">\n\t\t\t\t\t\t<span class=\"elementor-button-icon\">\n\t\t\t\t<svg aria-hidden=\"true\" class=\"e-font-icon-svg e-fas-arrow-alt-circle-right\" viewBox=\"0 0 512 512\" xmlns=\"http:\/\/www.w3.org\/2000\/svg\"><path d=\"M256 8c137 0 248 111 248 248S393 504 256 504 8 393 8 256 119 8 256 8zM140 300h116v70.9c0 10.7 13 16.1 20.5 8.5l114.3-114.9c4.7-4.7 4.7-12.2 0-16.9l-114.3-115c-7.6-7.6-20.5-2.2-20.5 8.5V212H140c-6.6 0-12 5.4-12 12v64c0 6.6 5.4 12 12 12z\"><\/path><\/svg>\t\t\t<\/span>\n\t\t\t\t\t\t\t\t\t<span class=\"elementor-button-text\">Un projet immobilier ?<\/span>\n\t\t\t\t\t<\/span>\n\t\t\t\t\t<\/a>\n\t\t\t\t<\/div>\n\t\t\t\t\t\t\t\t<\/div>\n\t\t\t\t<\/div>\n\t\t\t\t<div class=\"elementor-element elementor-element-9c75860 elementor-align-center elementor-widget elementor-widget-button\" data-id=\"9c75860\" data-element_type=\"widget\" data-e-type=\"widget\" data-widget_type=\"button.default\">\n\t\t\t\t<div class=\"elementor-widget-container\">\n\t\t\t\t\t\t\t\t\t<div class=\"elementor-button-wrapper\">\n\t\t\t\t\t<a class=\"elementor-button elementor-button-link elementor-size-sm\" href=\"https:\/\/www.pamgolding.mu\/fr\/projets-immobiliers-etrangers.html\">\n\t\t\t\t\t\t<span class=\"elementor-button-content-wrapper\">\n\t\t\t\t\t\t<span class=\"elementor-button-icon\">\n\t\t\t\t<svg aria-hidden=\"true\" class=\"e-font-icon-svg e-fas-arrow-alt-circle-right\" viewBox=\"0 0 512 512\" xmlns=\"http:\/\/www.w3.org\/2000\/svg\"><path d=\"M256 8c137 0 248 111 248 248S393 504 256 504 8 393 8 256 119 8 256 8zM140 300h116v70.9c0 10.7 13 16.1 20.5 8.5l114.3-114.9c4.7-4.7 4.7-12.2 0-16.9l-114.3-115c-7.6-7.6-20.5-2.2-20.5 8.5V212H140c-6.6 0-12 5.4-12 12v64c0 6.6 5.4 12 12 12z\"><\/path><\/svg>\t\t\t<\/span>\n\t\t\t\t\t\t\t\t\t<span class=\"elementor-button-text\">D\u00e9couvrez nos annonces<\/span>\n\t\t\t\t\t<\/span>\n\t\t\t\t\t<\/a>\n\t\t\t\t<\/div>\n\t\t\t\t\t\t\t\t<\/div>\n\t\t\t\t<\/div>\n\t\t\t\t<\/div>\n\t\t<div class=\"elementor-element elementor-element-e243740 e-grid e-con-boxed e-con e-parent\" data-id=\"e243740\" data-element_type=\"container\" data-e-type=\"container\">\n\t\t\t\t\t<div class=\"e-con-inner\">\n\t\t\t\t<div class=\"elementor-element elementor-element-ac310bf elementor-position-top elementor-widget elementor-widget-image-box\" data-id=\"ac310bf\" data-element_type=\"widget\" data-e-type=\"widget\" data-widget_type=\"image-box.default\">\n\t\t\t\t<div class=\"elementor-widget-container\">\n\t\t\t\t\t<div class=\"elementor-image-box-wrapper\"><figure class=\"elementor-image-box-img\"><a href=\"https:\/\/www.pamgolding.mu\/blog\/fr\/la-culture-mauricienne.html\" tabindex=\"-1\"><img fetchpriority=\"high\" decoding=\"async\" width=\"768\" height=\"512\" src=\"https:\/\/www.pamgolding.mu\/blog\/wp-content\/uploads\/culture-traditions-768x512.jpg\" class=\"attachment-medium_large size-medium_large wp-image-420\" alt=\"\" title=\"\" srcset=\"https:\/\/www.pamgolding.mu\/blog\/wp-content\/uploads\/culture-traditions-768x512.jpg 768w, https:\/\/www.pamgolding.mu\/blog\/wp-content\/uploads\/culture-traditions-300x200.jpg 300w, https:\/\/www.pamgolding.mu\/blog\/wp-content\/uploads\/culture-traditions-1024x682.jpg 1024w, https:\/\/www.pamgolding.mu\/blog\/wp-content\/uploads\/culture-traditions.jpg 1280w\" sizes=\"(max-width: 768px) 100vw, 768px\" \/><\/a><\/figure><div class=\"elementor-image-box-content\"><h2 class=\"elementor-image-box-title\"><a href=\"https:\/\/www.pamgolding.mu\/blog\/fr\/la-culture-mauricienne.html\">Culture et traditions<\/a><\/h2><p class=\"elementor-image-box-description\">L'\u00cele Maurice est un v\u00e9ritable creuset de cultures, o\u00f9 coexistent en harmonie des influences indiennes, africaines, europ\u00e9ennes et chinoises. Cette diversit\u00e9 culturelle se manifeste dans tous les aspects de la vie quotidienne, cr\u00e9ant une atmosph\u00e8re unique et vibrante.<\/p><\/div><\/div>\t\t\t\t<\/div>\n\t\t\t\t<\/div>\n\t\t\t\t<div class=\"elementor-element elementor-element-2e0fe3a elementor-position-top elementor-widget elementor-widget-image-box\" data-id=\"2e0fe3a\" data-element_type=\"widget\" data-e-type=\"widget\" data-widget_type=\"image-box.default\">\n\t\t\t\t<div class=\"elementor-widget-container\">\n\t\t\t\t\t<div class=\"elementor-image-box-wrapper\"><figure class=\"elementor-image-box-img\"><a href=\"https:\/\/www.pamgolding.mu\/blog\/fr\/geographie-de-lile-maurice.html\" tabindex=\"-1\"><img decoding=\"async\" width=\"1280\" height=\"876\" src=\"https:\/\/www.pamgolding.mu\/blog\/wp-content\/uploads\/reglementation-immobilire-ile-maurice.jpg\" class=\"attachment-full size-full wp-image-239\" alt=\"\" title=\"\" srcset=\"https:\/\/www.pamgolding.mu\/blog\/wp-content\/uploads\/reglementation-immobilire-ile-maurice.jpg 1280w, https:\/\/www.pamgolding.mu\/blog\/wp-content\/uploads\/reglementation-immobilire-ile-maurice-300x205.jpg 300w, https:\/\/www.pamgolding.mu\/blog\/wp-content\/uploads\/reglementation-immobilire-ile-maurice-1024x701.jpg 1024w, https:\/\/www.pamgolding.mu\/blog\/wp-content\/uploads\/reglementation-immobilire-ile-maurice-768x526.jpg 768w\" sizes=\"(max-width: 1280px) 100vw, 1280px\" \/><\/a><\/figure><div class=\"elementor-image-box-content\"><h2 class=\"elementor-image-box-title\"><a href=\"https:\/\/www.pamgolding.mu\/blog\/fr\/geographie-de-lile-maurice.html\">G\u00e9ographie<\/a><\/h2><p class=\"elementor-image-box-description\">L'\u00cele Maurice est situ\u00e9e dans l'oc\u00e9an Indien, \u00e0 environ 2 000 kilom\u00e8tres au sud-est de la c\u00f4te africaine et \u00e0 l'est de Madagascar. Cette \u00eele volcanique est la plus grande de l'archipel des Mascareignes, qui comprend \u00e9galement l'\u00eele de la R\u00e9union et Rodrigues. Sa position strat\u00e9gique au carrefour des routes maritimes de l'oc\u00e9an Indien en fait un lieu d'\u00e9changes culturels et commerciaux depuis des si\u00e8cles.<\/p><\/div><\/div>\t\t\t\t<\/div>\n\t\t\t\t<\/div>\n\t\t\t\t<div class=\"elementor-element elementor-element-b6eb8ef elementor-position-top elementor-widget elementor-widget-image-box\" data-id=\"b6eb8ef\" data-element_type=\"widget\" data-e-type=\"widget\" data-widget_type=\"image-box.default\">\n\t\t\t\t<div class=\"elementor-widget-container\">\n\t\t\t\t\t<div class=\"elementor-image-box-wrapper\"><figure class=\"elementor-image-box-img\"><a href=\"https:\/\/www.pamgolding.mu\/blog\/fr\/qualite-de-vie-a-lile-maurice.html\" tabindex=\"-1\"><img decoding=\"async\" width=\"1920\" height=\"1276\" src=\"https:\/\/www.pamgolding.mu\/blog\/wp-content\/uploads\/ile-maurice-829715.jpg\" class=\"attachment-full size-full wp-image-43\" alt=\"Douceur de vivre \u00e0 l&#039;ile Maurice\" title=\"\" srcset=\"https:\/\/www.pamgolding.mu\/blog\/wp-content\/uploads\/ile-maurice-829715.jpg 1920w, https:\/\/www.pamgolding.mu\/blog\/wp-content\/uploads\/ile-maurice-829715-300x199.jpg 300w, https:\/\/www.pamgolding.mu\/blog\/wp-content\/uploads\/ile-maurice-829715-1024x681.jpg 1024w, https:\/\/www.pamgolding.mu\/blog\/wp-content\/uploads\/ile-maurice-829715-768x510.jpg 768w, https:\/\/www.pamgolding.mu\/blog\/wp-content\/uploads\/ile-maurice-829715-1536x1021.jpg 1536w\" sizes=\"(max-width: 1920px) 100vw, 1920px\" \/><\/a><\/figure><div class=\"elementor-image-box-content\"><h2 class=\"elementor-image-box-title\"><a href=\"https:\/\/www.pamgolding.mu\/blog\/fr\/qualite-de-vie-a-lile-maurice.html\">Qualit\u00e9 de vie<\/a><\/h2><p class=\"elementor-image-box-description\">l'\u00cele Maurice offre une qualit\u00e9 de vie exceptionnelle, caract\u00e9ris\u00e9e par un co\u00fbt de la vie abordable, une s\u00e9curit\u00e9 \u00e9lev\u00e9e, des services m\u00e9dicaux de qualit\u00e9 et un environnement naturel propice \u00e0 un mode de vie sain et actif. Ces \u00e9l\u00e9ments combin\u00e9s font de l'\u00eele une destination id\u00e9ale pour vivre, travailler et \u00e9lever une famille<\/p><\/div><\/div>\t\t\t\t<\/div>\n\t\t\t\t<\/div>\n\t\t\t\t\t<\/div>\n\t\t\t\t<\/div>\n\t\t<div class=\"elementor-element elementor-element-4695edb e-grid e-con-boxed e-con e-parent\" data-id=\"4695edb\" data-element_type=\"container\" data-e-type=\"container\">\n\t\t\t\t\t<div class=\"e-con-inner\">\n\t\t\t\t<div class=\"elementor-element elementor-element-becbbb2 elementor-position-top elementor-widget elementor-widget-image-box\" data-id=\"becbbb2\" data-element_type=\"widget\" data-e-type=\"widget\" data-widget_type=\"image-box.default\">\n\t\t\t\t<div class=\"elementor-widget-container\">\n\t\t\t\t\t<div class=\"elementor-image-box-wrapper\"><figure class=\"elementor-image-box-img\"><a href=\"https:\/\/www.pamgolding.mu\/blog\/fr\/systeme-educatif-a-lile-maurice.html\" tabindex=\"-1\"><img loading=\"lazy\" decoding=\"async\" width=\"1100\" height=\"733\" src=\"https:\/\/www.pamgolding.mu\/blog\/wp-content\/uploads\/31_demenagement-ile-maurice.jpg\" class=\"attachment-full size-full wp-image-188\" alt=\"\" title=\"\" srcset=\"https:\/\/www.pamgolding.mu\/blog\/wp-content\/uploads\/31_demenagement-ile-maurice.jpg 1100w, https:\/\/www.pamgolding.mu\/blog\/wp-content\/uploads\/31_demenagement-ile-maurice-300x200.jpg 300w, https:\/\/www.pamgolding.mu\/blog\/wp-content\/uploads\/31_demenagement-ile-maurice-1024x682.jpg 1024w, https:\/\/www.pamgolding.mu\/blog\/wp-content\/uploads\/31_demenagement-ile-maurice-768x512.jpg 768w\" sizes=\"(max-width: 1100px) 100vw, 1100px\" \/><\/a><\/figure><div class=\"elementor-image-box-content\"><h2 class=\"elementor-image-box-title\"><a href=\"https:\/\/www.pamgolding.mu\/blog\/fr\/systeme-educatif-a-lile-maurice.html\">Education<\/a><\/h2><p class=\"elementor-image-box-description\">Le syst\u00e8me \u00e9ducatif mauricien, avec ses options vari\u00e9es et de haute qualit\u00e9, est bien \u00e9quip\u00e9 pour r\u00e9pondre aux besoins des r\u00e9sidents locaux et des expatri\u00e9s. Que ce soit \u00e0 travers les \u00e9coles publiques, les \u00e9tablissements priv\u00e9s ou les \u00e9coles internationales, les \u00e9l\u00e8ves b\u00e9n\u00e9ficient d'une \u00e9ducation solide et enrichissante. <\/p><\/div><\/div>\t\t\t\t<\/div>\n\t\t\t\t<\/div>\n\t\t\t\t<div class=\"elementor-element elementor-element-94232ad elementor-position-top elementor-widget elementor-widget-image-box\" data-id=\"94232ad\" data-element_type=\"widget\" data-e-type=\"widget\" data-widget_type=\"image-box.default\">\n\t\t\t\t<div class=\"elementor-widget-container\">\n\t\t\t\t\t<div class=\"elementor-image-box-wrapper\"><figure class=\"elementor-image-box-img\"><a href=\"https:\/\/www.pamgolding.mu\/blog\/fr\/situation-politique-de-lile-maurice.html\" tabindex=\"-1\"><img loading=\"lazy\" decoding=\"async\" width=\"1280\" height=\"853\" src=\"https:\/\/www.pamgolding.mu\/blog\/wp-content\/uploads\/drapeau-Maurice.png\" class=\"attachment-full size-full wp-image-423\" alt=\"\" title=\"\" srcset=\"https:\/\/www.pamgolding.mu\/blog\/wp-content\/uploads\/drapeau-Maurice.png 1280w, https:\/\/www.pamgolding.mu\/blog\/wp-content\/uploads\/drapeau-Maurice-300x200.png 300w, https:\/\/www.pamgolding.mu\/blog\/wp-content\/uploads\/drapeau-Maurice-1024x682.png 1024w, https:\/\/www.pamgolding.mu\/blog\/wp-content\/uploads\/drapeau-Maurice-768x512.png 768w\" sizes=\"(max-width: 1280px) 100vw, 1280px\" \/><\/a><\/figure><div class=\"elementor-image-box-content\"><h2 class=\"elementor-image-box-title\"><a href=\"https:\/\/www.pamgolding.mu\/blog\/fr\/situation-politique-de-lile-maurice.html\">Politique et administration<\/a><\/h2><p class=\"elementor-image-box-description\">L'\u00cele Maurice est une r\u00e9publique d\u00e9mocratique parlementaire, bas\u00e9e sur le mod\u00e8le britannique. Le syst\u00e8me politique de l'\u00eele est stable et fonctionne selon une constitution qui garantit les droits et libert\u00e9s fondamentales des citoyens.<\/p><\/div><\/div>\t\t\t\t<\/div>\n\t\t\t\t<\/div>\n\t\t\t\t<div class=\"elementor-element elementor-element-3af5702 elementor-position-top elementor-widget elementor-widget-image-box\" data-id=\"3af5702\" data-element_type=\"widget\" data-e-type=\"widget\" data-widget_type=\"image-box.default\">\n\t\t\t\t<div class=\"elementor-widget-container\">\n\t\t\t\t\t<div class=\"elementor-image-box-wrapper\"><figure class=\"elementor-image-box-img\"><a href=\"https:\/\/www.pamgolding.mu\/blog\/fr\/histoire-de-lile-maurice.html\" tabindex=\"-1\"><img loading=\"lazy\" decoding=\"async\" width=\"1280\" height=\"853\" src=\"https:\/\/www.pamgolding.mu\/blog\/wp-content\/uploads\/fiscalite-immobiliere-ile-maurice.jpg\" class=\"attachment-full size-full wp-image-249\" alt=\"\" title=\"\" srcset=\"https:\/\/www.pamgolding.mu\/blog\/wp-content\/uploads\/fiscalite-immobiliere-ile-maurice.jpg 1280w, https:\/\/www.pamgolding.mu\/blog\/wp-content\/uploads\/fiscalite-immobiliere-ile-maurice-300x200.jpg 300w, https:\/\/www.pamgolding.mu\/blog\/wp-content\/uploads\/fiscalite-immobiliere-ile-maurice-1024x682.jpg 1024w, https:\/\/www.pamgolding.mu\/blog\/wp-content\/uploads\/fiscalite-immobiliere-ile-maurice-768x512.jpg 768w\" sizes=\"(max-width: 1280px) 100vw, 1280px\" \/><\/a><\/figure><div class=\"elementor-image-box-content\"><h2 class=\"elementor-image-box-title\"><a href=\"https:\/\/www.pamgolding.mu\/blog\/fr\/histoire-de-lile-maurice.html\">Histoire de l'\u00cele Maurice<\/a><\/h2><p class=\"elementor-image-box-description\">l'histoire de l'\u00cele Maurice, marqu\u00e9e par des p\u00e9riodes coloniales et un d\u00e9veloppement post-ind\u00e9pendance remarquable, fait de cette \u00eele un exemple de r\u00e9ussite en mati\u00e8re de diversit\u00e9 culturelle, de d\u00e9veloppement \u00e9conomique et de stabilit\u00e9 politique<\/p><\/div><\/div>\t\t\t\t<\/div>\n\t\t\t\t<\/div>\n\t\t\t\t\t<\/div>\n\t\t\t\t<\/div>\n\t\t<div class=\"elementor-element elementor-element-96896f9 e-grid e-con-boxed e-con e-parent\" data-id=\"96896f9\" data-element_type=\"container\" data-e-type=\"container\">\n\t\t\t\t\t<div class=\"e-con-inner\">\n\t\t\t\t<div class=\"elementor-element elementor-element-5734175 elementor-position-top elementor-widget elementor-widget-image-box\" data-id=\"5734175\" data-element_type=\"widget\" data-e-type=\"widget\" data-widget_type=\"image-box.default\">\n\t\t\t\t<div class=\"elementor-widget-container\">\n\t\t\t\t\t<div class=\"elementor-image-box-wrapper\"><figure class=\"elementor-image-box-img\"><a href=\"https:\/\/www.pamgolding.mu\/blog\/fr\/systeme-de-sante-a-lile-maurice.html\" tabindex=\"-1\"><img loading=\"lazy\" decoding=\"async\" width=\"1280\" height=\"853\" src=\"https:\/\/www.pamgolding.mu\/blog\/wp-content\/uploads\/soin-ile-maurice.jpg\" class=\"attachment-full size-full wp-image-662\" alt=\"\" title=\"\" srcset=\"https:\/\/www.pamgolding.mu\/blog\/wp-content\/uploads\/soin-ile-maurice.jpg 1280w, https:\/\/www.pamgolding.mu\/blog\/wp-content\/uploads\/soin-ile-maurice-300x200.jpg 300w, https:\/\/www.pamgolding.mu\/blog\/wp-content\/uploads\/soin-ile-maurice-1024x682.jpg 1024w, https:\/\/www.pamgolding.mu\/blog\/wp-content\/uploads\/soin-ile-maurice-768x512.jpg 768w\" sizes=\"(max-width: 1280px) 100vw, 1280px\" \/><\/a><\/figure><div class=\"elementor-image-box-content\"><h2 class=\"elementor-image-box-title\"><a href=\"https:\/\/www.pamgolding.mu\/blog\/fr\/systeme-de-sante-a-lile-maurice.html\">Syst\u00e8me de sant\u00e9<\/a><\/h2><p class=\"elementor-image-box-description\">D\u00e9couvrez le syst\u00e8me de sant\u00e9 de l'\u00cele Maurice : son organisation, les services m\u00e9dicaux disponibles, et l'acc\u00e8s aux soins pour les r\u00e9sidents et visiteurs. Informez-vous sur les principales institutions de sant\u00e9, les pratiques m\u00e9dicales locales et les initiatives pour le bien-\u00eatre de la population.<\/p><\/div><\/div>\t\t\t\t<\/div>\n\t\t\t\t<\/div>\n\t\t\t\t<div class=\"elementor-element elementor-element-637cc34 elementor-position-top elementor-widget elementor-widget-image-box\" data-id=\"637cc34\" data-element_type=\"widget\" data-e-type=\"widget\" data-widget_type=\"image-box.default\">\n\t\t\t\t<div class=\"elementor-widget-container\">\n\t\t\t\t\t<div class=\"elementor-image-box-wrapper\"><figure class=\"elementor-image-box-img\"><a href=\"https:\/\/www.pamgolding.mu\/blog\/fr\/activites-et-loisirs-sur-lile-maurice.html\" tabindex=\"-1\"><img loading=\"lazy\" decoding=\"async\" width=\"1024\" height=\"682\" src=\"https:\/\/www.pamgolding.mu\/blog\/wp-content\/uploads\/9_demenagement-ile-maurice.jpg\" class=\"attachment-full size-full wp-image-166\" alt=\"\" title=\"\" srcset=\"https:\/\/www.pamgolding.mu\/blog\/wp-content\/uploads\/9_demenagement-ile-maurice.jpg 1024w, https:\/\/www.pamgolding.mu\/blog\/wp-content\/uploads\/9_demenagement-ile-maurice-300x200.jpg 300w, https:\/\/www.pamgolding.mu\/blog\/wp-content\/uploads\/9_demenagement-ile-maurice-768x512.jpg 768w\" sizes=\"(max-width: 1024px) 100vw, 1024px\" \/><\/a><\/figure><div class=\"elementor-image-box-content\"><h2 class=\"elementor-image-box-title\"><a href=\"https:\/\/www.pamgolding.mu\/blog\/fr\/activites-et-loisirs-sur-lile-maurice.html\">Activit\u00e9s et loisirs<\/a><\/h2><p class=\"elementor-image-box-description\">L'\u00cele Maurice offre une multitude d'activit\u00e9s et de loisirs pour tous les go\u00fbts et toutes les g\u00e9n\u00e9rations. Que vous soyez amateur de sports nautiques, de randonn\u00e9es en pleine nature, de d\u00e9couvertes culturelles ou de divertissements nocturnes, cette \u00eele paradisiaque saura r\u00e9pondre \u00e0 vos attentes et enrichir votre exp\u00e9rience de vie quotidienne.<\/p><\/div><\/div>\t\t\t\t<\/div>\n\t\t\t\t<\/div>\n\t\t\t\t<div class=\"elementor-element elementor-element-2c773c3 elementor-position-top elementor-widget elementor-widget-image-box\" data-id=\"2c773c3\" data-element_type=\"widget\" data-e-type=\"widget\" data-widget_type=\"image-box.default\">\n\t\t\t\t<div class=\"elementor-widget-container\">\n\t\t\t\t\t<div class=\"elementor-image-box-wrapper\"><figure class=\"elementor-image-box-img\"><a href=\"https:\/\/www.pamgolding.mu\/blog\/fr\/monnaie-et-banques-a-lile-maurice.html\" tabindex=\"-1\"><img loading=\"lazy\" decoding=\"async\" width=\"1280\" height=\"845\" src=\"https:\/\/www.pamgolding.mu\/blog\/wp-content\/uploads\/promoteurs-immobiliers-ile-maurice.jpg\" class=\"attachment-full size-full wp-image-247\" alt=\"\" title=\"\" srcset=\"https:\/\/www.pamgolding.mu\/blog\/wp-content\/uploads\/promoteurs-immobiliers-ile-maurice.jpg 1280w, https:\/\/www.pamgolding.mu\/blog\/wp-content\/uploads\/promoteurs-immobiliers-ile-maurice-300x198.jpg 300w, https:\/\/www.pamgolding.mu\/blog\/wp-content\/uploads\/promoteurs-immobiliers-ile-maurice-1024x676.jpg 1024w, https:\/\/www.pamgolding.mu\/blog\/wp-content\/uploads\/promoteurs-immobiliers-ile-maurice-768x507.jpg 768w\" sizes=\"(max-width: 1280px) 100vw, 1280px\" \/><\/a><\/figure><div class=\"elementor-image-box-content\"><h2 class=\"elementor-image-box-title\"><a href=\"https:\/\/www.pamgolding.mu\/blog\/fr\/monnaie-et-banques-a-lile-maurice.html\">Monnaie et banque<\/a><\/h2><p class=\"elementor-image-box-description\">La roupie mauricienne est la monnaie utilis\u00e9e par les Mauriciens. Introduite dans l\u2019\u00eele en 1877, elle remplace l\u2019ancien dollar mauricien ainsi que le livre sterling. Les premiers billets de banque sont toujours en circulation de nos jours. <\/p><\/div><\/div>\t\t\t\t<\/div>\n\t\t\t\t<\/div>\n\t\t\t\t\t<\/div>\n\t\t\t\t<\/div>\n\t\t\t\t<\/div>\n\t\t","protected":false},"excerpt":{"rendered":"<p>La vie \u00e0 l&rsquo;\u00eele Maurice L&rsquo;\u00cele Maurice, situ\u00e9e au c\u0153ur de l&rsquo;oc\u00e9an Indien, est une destination de r\u00eave qui s\u00e9duit par sa beaut\u00e9 naturelle, sa culture riche et sa qualit\u00e9 de vie exceptionnelle. Avec ses plages de sable blanc, ses eaux cristallines et ses montagnes verdoyantes, l&rsquo;\u00eele offre un cadre de vie idyllique. Mais au-del\u00e0 [&hellip;]<\/p>\n","protected":false},"author":2,"featured_media":0,"parent":0,"menu_order":0,"comment_status":"closed","ping_status":"closed","template":"","meta":{"footnotes":""},"class_list":["post-409","page","type-page","status-publish","hentry"],"_links":{"self":[{"href":"https:\/\/www.pamgolding.mu\/blog\/fr\/wp-json\/wp\/v2\/pages\/409","targetHints":{"allow":["GET"]}}],"collection":[{"href":"https:\/\/www.pamgolding.mu\/blog\/fr\/wp-json\/wp\/v2\/pages"}],"about":[{"href":"https:\/\/www.pamgolding.mu\/blog\/fr\/wp-json\/wp\/v2\/types\/page"}],"author":[{"embeddable":true,"href":"https:\/\/www.pamgolding.mu\/blog\/fr\/wp-json\/wp\/v2\/users\/2"}],"replies":[{"embeddable":true,"href":"https:\/\/www.pamgolding.mu\/blog\/fr\/wp-json\/wp\/v2\/comments?post=409"}],"version-history":[{"count":0,"href":"https:\/\/www.pamgolding.mu\/blog\/fr\/wp-json\/wp\/v2\/pages\/409\/revisions"}],"wp:attachment":[{"href":"https:\/\/www.pamgolding.mu\/blog\/fr\/wp-json\/wp\/v2\/media?parent=409"}],"curies":[{"name":"wp","href":"https:\/\/api.w.org\/{rel}","templated":true}]}}